{"id":85,"date":"2022-03-31T00:45:29","date_gmt":"2022-03-31T00:45:29","guid":{"rendered":"https:\/\/butr.co\/?post_type=product&#038;p=85"},"modified":"2024-08-08T02:16:09","modified_gmt":"2024-08-08T02:16:09","slug":"shampoing-pour-animaux","status":"publish","type":"product","link":"https:\/\/butr.co\/fr\/produit\/shampoing-pour-animaux\/","title":{"rendered":"Shampoing solide &#8211; animaux"},"content":{"rendered":"<p>G\u00e2tez votre animal de compagnie avec ce shampoing solide hydratant et mousseux. Une barre de savon pour tous les types de chiens, avec des ingr\u00e9dients enti\u00e8rement naturels qui favorisent l&rsquo;hydratation et repousse les parasites. Son pH est \u00e9quilibr\u00e9 pour \u00eatre doux avec la peau d\u00e9licate de votre chien. Ce savon 100 % naturel est sain, doux et efficace, fabriqu\u00e9 avec des huiles qui donneront un pelage frais et plein d\u2019\u00e9clat. Il convient m\u00eame pour des jeunes chiots. Il mousse bien, se rince facilement et il peut \u00eatre utilis\u00e9 de mani\u00e8re fr\u00e9quente.<\/p>\n","protected":false},"excerpt":{"rendered":"<p>Shampoing solide hydratant pour des chiens propres qui sentent frais<\/p>\n","protected":false},"featured_media":111,"comment_status":"open","ping_status":"closed","template":"","meta":{"_et_pb_use_builder":"","_et_pb_old_content":"","_et_gb_content_width":""},"product_brand":[],"product_cat":[291,141],"product_tag":[1133,1145,1149,1137,1142,1147,1146,405,1143,1132,1144,1136,1129,1135,1138,1148,1131,1134,598,1139,1128,392,1130,1150,1141,1140,470],"class_list":{"0":"post-85","1":"product","2":"type-product","3":"status-publish","4":"has-post-thumbnail","6":"product_cat-cadeau","7":"product_cat-shampoing-animaux","8":"product_tag-artisanatquebecois","9":"product_tag-bearded","10":"product_tag-bergerallemand","11":"product_tag-bichon","12":"product_tag-bordercollie","13":"product_tag-boubou","14":"product_tag-bulldog","15":"product_tag-butr-fr","16":"product_tag-cavalierkingcharles","17":"product_tag-chien","18":"product_tag-colleybarbu","19":"product_tag-dog","20":"product_tag-doglover","21":"product_tag-dogofinstgram","22":"product_tag-epagneul","23":"product_tag-goldenretriever","24":"product_tag-hellodoggytoiletteuse","25":"product_tag-ilovemyjob","26":"product_tag-naturalcosmetics","27":"product_tag-puppy","28":"product_tag-shampoingchien","29":"product_tag-shampoingsolide","30":"product_tag-toilettage","31":"product_tag-toiletteur","32":"product_tag-yorkshire","33":"product_tag-yorkshireterrier","34":"product_tag-zerowaste-fr","36":"first","37":"instock","38":"taxable","39":"shipping-taxable","40":"purchasable","41":"product-type-simple"},"_links":{"self":[{"href":"https:\/\/butr.co\/fr\/wp-json\/wp\/v2\/product\/85","targetHints":{"allow":["GET"]}}],"collection":[{"href":"https:\/\/butr.co\/fr\/wp-json\/wp\/v2\/product"}],"about":[{"href":"https:\/\/butr.co\/fr\/wp-json\/wp\/v2\/types\/product"}],"replies":[{"embeddable":true,"href":"https:\/\/butr.co\/fr\/wp-json\/wp\/v2\/comments?post=85"}],"wp:featuredmedia":[{"embeddable":true,"href":"https:\/\/butr.co\/fr\/wp-json\/wp\/v2\/media\/111"}],"wp:attachment":[{"href":"https:\/\/butr.co\/fr\/wp-json\/wp\/v2\/media?parent=85"}],"wp:term":[{"taxonomy":"product_brand","embeddable":true,"href":"https:\/\/butr.co\/fr\/wp-json\/wp\/v2\/product_brand?post=85"},{"taxonomy":"product_cat","embeddable":true,"href":"https:\/\/butr.co\/fr\/wp-json\/wp\/v2\/product_cat?post=85"},{"taxonomy":"product_tag","embeddable":true,"href":"https:\/\/butr.co\/fr\/wp-json\/wp\/v2\/product_tag?post=85"}],"curies":[{"name":"wp","href":"https:\/\/api.w.org\/{rel}","templated":true}]}}