{"id":3468,"date":"2022-04-25T15:02:22","date_gmt":"2022-04-25T15:02:22","guid":{"rendered":"https:\/\/butr.co\/?post_type=product&#038;p=3468"},"modified":"2023-10-25T20:17:03","modified_gmt":"2023-10-25T20:17:03","slug":"beurre-corporel-bois-de-rose-et-carotte","status":"publish","type":"product","link":"https:\/\/butr.co\/fr\/produit\/beurre-corporel-bois-de-rose-et-carotte\/","title":{"rendered":"Beurre corporel &#8211; bois de rose et carotte"},"content":{"rendered":"<p>Notre beurre corporel intensif prend soin des mains s\u00e8ches. Cette riche formule offre un soin toute la journ\u00e9e aux mains actives et s\u00e8ches. Compos\u00e9e de trois beurres extraordinaires, cette pommade extr\u00eamement hydratante adoucit, conditionne et soulage efficacement la peau s\u00e8che. Parfum doux et sucr\u00e9 de bois de rose et de carotte.<\/p>\n","protected":false},"excerpt":{"rendered":"<p>Beurre nourrissant intensif pour des peaux soulag\u00e9es<\/p>\n","protected":false},"featured_media":62,"comment_status":"open","ping_status":"closed","template":"","meta":{"_et_pb_use_builder":"","_et_pb_old_content":"","_et_gb_content_width":""},"product_brand":[],"product_cat":[283,280,318,321,323,316],"product_tag":[533,469,785,538,543,539,545,405,559,536,535,546,544,537,551,542,550,548,547,471,549,786,787,788,540,530,553,467,552,520,789,554,566],"class_list":{"0":"post-3468","1":"product","2":"type-product","3":"status-publish","4":"has-post-thumbnail","6":"product_cat-beurre-et-lotion-fr","7":"product_cat-corps-fr","8":"product_cat-mixte","9":"product_cat-seche","10":"product_cat-tout-type-de-peau","11":"product_cat-type-de-peau","12":"product_tag-bath","13":"product_tag-beauty-fr","14":"product_tag-beurre-corporel-fr","15":"product_tag-bodybutter","16":"product_tag-bodycare","17":"product_tag-bodylotion","18":"product_tag-bodyscrub","19":"product_tag-butr-fr","20":"product_tag-butter","21":"product_tag-cleanbeauty","22":"product_tag-conditioner","23":"product_tag-cosmetics","24":"product_tag-cream","25":"product_tag-fairtradelotion","26":"product_tag-glowingskin-fr","27":"product_tag-handbody","28":"product_tag-healthyskin-fr","29":"product_tag-karite-fr","30":"product_tag-lotion-fr","31":"product_tag-natural-fr","32":"product_tag-organicskincare-fr","33":"product_tag-peau-irritee-fr","34":"product_tag-peau-seche-fr","35":"product_tag-protection-fr","36":"product_tag-selfcare","37":"product_tag-sheabutter","38":"product_tag-skin-fr","39":"product_tag-skincare-fr","40":"product_tag-skincareroutine-fr","41":"product_tag-soap-fr","42":"product_tag-soins-de-la-peau-fr","43":"product_tag-solidlotion","44":"product_tag-tester","46":"first","47":"instock","48":"taxable","49":"shipping-taxable","50":"purchasable","51":"product-type-variable"},"_links":{"self":[{"href":"https:\/\/butr.co\/fr\/wp-json\/wp\/v2\/product\/3468","targetHints":{"allow":["GET"]}}],"collection":[{"href":"https:\/\/butr.co\/fr\/wp-json\/wp\/v2\/product"}],"about":[{"href":"https:\/\/butr.co\/fr\/wp-json\/wp\/v2\/types\/product"}],"replies":[{"embeddable":true,"href":"https:\/\/butr.co\/fr\/wp-json\/wp\/v2\/comments?post=3468"}],"wp:featuredmedia":[{"embeddable":true,"href":"https:\/\/butr.co\/fr\/wp-json\/wp\/v2\/media\/62"}],"wp:attachment":[{"href":"https:\/\/butr.co\/fr\/wp-json\/wp\/v2\/media?parent=3468"}],"wp:term":[{"taxonomy":"product_brand","embeddable":true,"href":"https:\/\/butr.co\/fr\/wp-json\/wp\/v2\/product_brand?post=3468"},{"taxonomy":"product_cat","embeddable":true,"href":"https:\/\/butr.co\/fr\/wp-json\/wp\/v2\/product_cat?post=3468"},{"taxonomy":"product_tag","embeddable":true,"href":"https:\/\/butr.co\/fr\/wp-json\/wp\/v2\/product_tag?post=3468"}],"curies":[{"name":"wp","href":"https:\/\/api.w.org\/{rel}","templated":true}]}}