{"id":1842,"date":"2022-04-07T20:24:53","date_gmt":"2022-04-07T20:24:53","guid":{"rendered":"https:\/\/butr.co\/?post_type=product&#038;p=1842"},"modified":"2025-06-24T15:43:48","modified_gmt":"2025-06-24T15:43:48","slug":"savon-au-charbon-actif","status":"publish","type":"product","link":"https:\/\/butr.co\/fr\/produit\/savon-au-charbon-actif\/","title":{"rendered":"Savon au charbon actif No. 33"},"content":{"rendered":"<p>Ce savon purifiant au charbon actif et \u00e0 la boue de la mer morte \u00e9limine en douceur les impuret\u00e9s et absorbe l&rsquo;exc\u00e8s de s\u00e9bum sans dess\u00e9cher la peau. Des pores nettoy\u00e9s, une peau affin\u00e9e et hydrat\u00e9e en profondeur.<br \/>\nUn m\u00e9lange \u00e9quilibr\u00e9 d\u2019huiles essentielles tonifiantes ; romarin, sauge sclar\u00e9e et arbre \u00e0 th\u00e9 lui conf\u00e8re son efficacit\u00e9.<\/p>\n","protected":false},"excerpt":{"rendered":"<p>Savon micro-exfoliant au charbon actif pour un visage et un corps propre et \u00e9clatant<\/p>\n","protected":false},"featured_media":48,"comment_status":"open","ping_status":"closed","template":"","meta":{"_et_pb_use_builder":"","_et_pb_old_content":"","_et_gb_content_width":""},"product_brand":[],"product_cat":[280,324,285,323,316,26],"product_tag":[829,1331,1334,464,451,469,450,405,1333,1332,454,455,465,459,406,448,444,445,471,864,452,1335,1336,446,440,458,466,449,462,442,460,461,439,467,520,441,443,456,447,457,468,470],"class_list":{"0":"post-1842","1":"product","2":"type-product","3":"status-publish","4":"has-post-thumbnail","6":"product_cat-corps-fr","7":"product_cat-gommage-visage","8":"product_cat-savon-fr","9":"product_cat-tout-type-de-peau","10":"product_cat-type-de-peau","11":"product_cat-visage","12":"product_tag-acne-fr","13":"product_tag-activatedcharcoal","14":"product_tag-activecarbon","15":"product_tag-artisanat","16":"product_tag-artisansoap","17":"product_tag-beauty-fr","18":"product_tag-bio","19":"product_tag-butr-fr","20":"product_tag-charbon","21":"product_tag-charbonactif","22":"product_tag-coldprocesssoap","23":"product_tag-cpsoap","24":"product_tag-ecofriendlysoap","25":"product_tag-handcraftedsoap","26":"product_tag-handmade-fr","27":"product_tag-handmadesoap","28":"product_tag-ideecadeau","29":"product_tag-jabon","30":"product_tag-natural-fr","31":"product_tag-naturalcosmetic-fr","32":"product_tag-naturalsoap","33":"product_tag-oilyskin","34":"product_tag-peaugrasse","35":"product_tag-sabun","36":"product_tag-saf","37":"product_tag-saponificationafroid","38":"product_tag-savon-fr","39":"product_tag-savonartisanal","40":"product_tag-savonbio","41":"product_tag-savonmaison","42":"product_tag-savonnerie","43":"product_tag-savons","44":"product_tag-savonsolide","45":"product_tag-skincare-fr","46":"product_tag-soap-fr","47":"product_tag-soapart","48":"product_tag-soapdesign","49":"product_tag-soapmaker","50":"product_tag-soapmaking","51":"product_tag-soapshare","52":"product_tag-vegan-fr","53":"product_tag-zerowaste-fr","55":"first","56":"instock","57":"taxable","58":"shipping-taxable","59":"purchasable","60":"product-type-variable"},"_links":{"self":[{"href":"https:\/\/butr.co\/fr\/wp-json\/wp\/v2\/product\/1842","targetHints":{"allow":["GET"]}}],"collection":[{"href":"https:\/\/butr.co\/fr\/wp-json\/wp\/v2\/product"}],"about":[{"href":"https:\/\/butr.co\/fr\/wp-json\/wp\/v2\/types\/product"}],"replies":[{"embeddable":true,"href":"https:\/\/butr.co\/fr\/wp-json\/wp\/v2\/comments?post=1842"}],"wp:featuredmedia":[{"embeddable":true,"href":"https:\/\/butr.co\/fr\/wp-json\/wp\/v2\/media\/48"}],"wp:attachment":[{"href":"https:\/\/butr.co\/fr\/wp-json\/wp\/v2\/media?parent=1842"}],"wp:term":[{"taxonomy":"product_brand","embeddable":true,"href":"https:\/\/butr.co\/fr\/wp-json\/wp\/v2\/product_brand?post=1842"},{"taxonomy":"product_cat","embeddable":true,"href":"https:\/\/butr.co\/fr\/wp-json\/wp\/v2\/product_cat?post=1842"},{"taxonomy":"product_tag","embeddable":true,"href":"https:\/\/butr.co\/fr\/wp-json\/wp\/v2\/product_tag?post=1842"}],"curies":[{"name":"wp","href":"https:\/\/api.w.org\/{rel}","templated":true}]}}