{"id":177,"date":"2022-03-31T00:45:52","date_gmt":"2022-03-31T00:45:52","guid":{"rendered":"https:\/\/butr.co\/?post_type=product&#038;p=177"},"modified":"2023-10-25T20:42:29","modified_gmt":"2023-10-25T20:42:29","slug":"gommage-visage-rose-musquee","status":"publish","type":"product","link":"https:\/\/butr.co\/fr\/produit\/gommage-visage-rose-musquee\/","title":{"rendered":"Gommage du visage, rose musqu\u00e9e"},"content":{"rendered":"<p>Gommage \u00e0 la rose musqu\u00e9e nettoyant et hydratant doux pour le visage<br \/>\nEssence : floral l\u00e9ger<br \/>\nCe gommage \u00e0 base de poudre de rose musqu\u00e9e permet de redonner vie et \u00e9clat \u00e0 votre doux visage et une peau d\u00e9licatement nourrie.<br \/>\nNon recommand\u00e9 \u00e0 ceux qui souffrent de rosac\u00e9e.<\/p>\n","protected":false},"excerpt":{"rendered":"<p>Gommage \u00e0 la rose musqu\u00e9e nettoyant et hydratant doux pour le visage, essence florale l\u00e9g\u00e8re<\/p>\n","protected":false},"featured_media":69,"comment_status":"open","ping_status":"closed","template":"","meta":{"_et_pb_use_builder":"","_et_pb_old_content":"","_et_gb_content_width":""},"product_brand":[],"product_cat":[324,323,316,26],"product_tag":[612,422,620,405,622,863,614,861,551,611,406,550,613,868,417,471,864,598,870,683,865,549,553,467,552,871,589,470],"class_list":{"0":"post-177","1":"product","2":"type-product","3":"status-publish","4":"has-post-thumbnail","6":"product_cat-gommage-visage","7":"product_cat-tout-type-de-peau","8":"product_cat-type-de-peau","9":"product_cat-visage","10":"product_tag-argan-fr","11":"product_tag-beaute-fr","12":"product_tag-beautyproduct","13":"product_tag-butr-fr","14":"product_tag-cleanskin","15":"product_tag-facecare-fr","16":"product_tag-facecleanser","17":"product_tag-faceritual-fr","18":"product_tag-glowingskin-fr","19":"product_tag-gommage-fr","20":"product_tag-handmade-fr","21":"product_tag-healthyskin-fr","22":"product_tag-hydratant-fr","23":"product_tag-madeincanada-fr","24":"product_tag-madeinquebec-fr","25":"product_tag-natural-fr","26":"product_tag-naturalcosmetic-fr","27":"product_tag-naturalcosmetics","28":"product_tag-naturalskincare-fr","29":"product_tag-organic-fr","30":"product_tag-organiccosmetic-fr","31":"product_tag-organicskincare-fr","32":"product_tag-skin-fr","33":"product_tag-skincare-fr","34":"product_tag-skincareroutine-fr","35":"product_tag-skincaretips-fr","36":"product_tag-visage-fr","37":"product_tag-zerowaste-fr","39":"first","40":"outofstock","41":"taxable","42":"shipping-taxable","43":"purchasable","44":"product-type-variable"},"_links":{"self":[{"href":"https:\/\/butr.co\/fr\/wp-json\/wp\/v2\/product\/177","targetHints":{"allow":["GET"]}}],"collection":[{"href":"https:\/\/butr.co\/fr\/wp-json\/wp\/v2\/product"}],"about":[{"href":"https:\/\/butr.co\/fr\/wp-json\/wp\/v2\/types\/product"}],"replies":[{"embeddable":true,"href":"https:\/\/butr.co\/fr\/wp-json\/wp\/v2\/comments?post=177"}],"wp:featuredmedia":[{"embeddable":true,"href":"https:\/\/butr.co\/fr\/wp-json\/wp\/v2\/media\/69"}],"wp:attachment":[{"href":"https:\/\/butr.co\/fr\/wp-json\/wp\/v2\/media?parent=177"}],"wp:term":[{"taxonomy":"product_brand","embeddable":true,"href":"https:\/\/butr.co\/fr\/wp-json\/wp\/v2\/product_brand?post=177"},{"taxonomy":"product_cat","embeddable":true,"href":"https:\/\/butr.co\/fr\/wp-json\/wp\/v2\/product_cat?post=177"},{"taxonomy":"product_tag","embeddable":true,"href":"https:\/\/butr.co\/fr\/wp-json\/wp\/v2\/product_tag?post=177"}],"curies":[{"name":"wp","href":"https:\/\/api.w.org\/{rel}","templated":true}]}}