{"id":16,"date":"2022-03-31T00:45:14","date_gmt":"2022-03-31T00:45:14","guid":{"rendered":"https:\/\/butr.co\/?post_type=product&#038;p=16"},"modified":"2025-01-10T17:14:39","modified_gmt":"2025-01-10T17:14:39","slug":"no-34-savon-exfoliant-pieds","status":"publish","type":"product","link":"https:\/\/butr.co\/fr\/produit\/no-34-savon-exfoliant-pieds\/","title":{"rendered":"Savon exfoliant pieds No. 34"},"content":{"rendered":"<p>Ce savon rafra\u00eechissant est ultra-exfoliant, remerciements \u00e0 la pierre ponce fine qui traitera vos pieds aux petits soins. Il est parfum\u00e9 avec un m\u00e9lange vivifiant d&rsquo;huiles essentielles de menthe poivr\u00e9e, d\u2019eucalyptus et d\u2019arbre \u00e0 th\u00e9, ce qui lui donne ces caract\u00e9ristiques anti-fongiques et anti-bact\u00e9riennes. Cette barre compacte est id\u00e9ale pour nettoyer vos mains des travaux m\u00e9caniques ou de jardinage. Comme il est abrasif, nous l\u2019acclamons le meilleur de sa cat\u00e9gorie pour les mains et les pieds qui ont besoin d\u2019un coup de fouet. Pour couronner sa personnalit\u00e9, nous lui avons ajout\u00e9 du beurre de karit\u00e9, question de vous procurer une hydratation suppl\u00e9mentaire qu\u2019un tel soin n\u00e9cessite.<\/p>\n","protected":false},"excerpt":{"rendered":"<p>Savon ultra-exfoliant pour des pieds et des mains apais\u00e9s et d&rsquo;une propret\u00e9 absolue<\/p>\n","protected":false},"featured_media":1728,"comment_status":"open","ping_status":"closed","template":"","meta":{"_et_pb_use_builder":"","_et_pb_old_content":"","_et_gb_content_width":""},"product_brand":[],"product_cat":[280,914,317,285,316],"product_tag":[507,492,451,469,450,405,1308,454,455,1307,465,1306,459,406,448,485,444,445,471,864,452,505,836,837,446,440,458,466,812,467,520,441,443,456,447,503,504,457,838,482,468,839,470],"class_list":{"0":"post-16","1":"product","2":"type-product","3":"status-publish","4":"has-post-thumbnail","6":"product_cat-corps-fr","7":"product_cat-endommagee","8":"product_cat-normal","9":"product_cat-savon-fr","10":"product_cat-type-de-peau","11":"product_tag-artisan","12":"product_tag-artisanalsoap","13":"product_tag-artisansoap","14":"product_tag-beauty-fr","15":"product_tag-bio","16":"product_tag-butr-fr","17":"product_tag-cleanser-fr","18":"product_tag-coldprocesssoap","19":"product_tag-cpsoap","20":"product_tag-duopower","21":"product_tag-ecofriendlysoap","22":"product_tag-exfoliantscrub","23":"product_tag-handcraftedsoap","24":"product_tag-handmade-fr","25":"product_tag-handmadesoap","26":"product_tag-homemadesoap","27":"product_tag-ideecadeau","28":"product_tag-jabon","29":"product_tag-natural-fr","30":"product_tag-naturalcosmetic-fr","31":"product_tag-naturalsoap","32":"product_tag-organicsoap","33":"product_tag-pierre-ponce-fr","34":"product_tag-rituel-fr","35":"product_tag-sabun","36":"product_tag-saf","37":"product_tag-saponificationafroid","38":"product_tag-savon-fr","39":"product_tag-savon-naturel-fr","40":"product_tag-skincare-fr","41":"product_tag-soap-fr","42":"product_tag-soapart","43":"product_tag-soapdesign","44":"product_tag-soapmaker","45":"product_tag-soapmaking","46":"product_tag-soapmakingcompany","47":"product_tag-soaps","48":"product_tag-soapshare","49":"product_tag-soins-pour-les-pieds-fr","50":"product_tag-solidsoap","51":"product_tag-vegan-fr","52":"product_tag-zero-dechet-menthe-fr","53":"product_tag-zerowaste-fr","55":"first","56":"instock","57":"taxable","58":"shipping-taxable","59":"purchasable","60":"product-type-variable"},"_links":{"self":[{"href":"https:\/\/butr.co\/fr\/wp-json\/wp\/v2\/product\/16","targetHints":{"allow":["GET"]}}],"collection":[{"href":"https:\/\/butr.co\/fr\/wp-json\/wp\/v2\/product"}],"about":[{"href":"https:\/\/butr.co\/fr\/wp-json\/wp\/v2\/types\/product"}],"replies":[{"embeddable":true,"href":"https:\/\/butr.co\/fr\/wp-json\/wp\/v2\/comments?post=16"}],"wp:featuredmedia":[{"embeddable":true,"href":"https:\/\/butr.co\/fr\/wp-json\/wp\/v2\/media\/1728"}],"wp:attachment":[{"href":"https:\/\/butr.co\/fr\/wp-json\/wp\/v2\/media?parent=16"}],"wp:term":[{"taxonomy":"product_brand","embeddable":true,"href":"https:\/\/butr.co\/fr\/wp-json\/wp\/v2\/product_brand?post=16"},{"taxonomy":"product_cat","embeddable":true,"href":"https:\/\/butr.co\/fr\/wp-json\/wp\/v2\/product_cat?post=16"},{"taxonomy":"product_tag","embeddable":true,"href":"https:\/\/butr.co\/fr\/wp-json\/wp\/v2\/product_tag?post=16"}],"curies":[{"name":"wp","href":"https:\/\/api.w.org\/{rel}","templated":true}]}}